{"id":26736,"date":"2026-02-10T19:25:46","date_gmt":"2026-02-10T19:25:46","guid":{"rendered":"https:\/\/admin.parknfly.ca\/?page_id=26736"},"modified":"2026-03-13T19:50:27","modified_gmt":"2026-03-13T19:50:27","slug":"transat","status":"publish","type":"page","link":"https:\/\/admin.parknfly.ca\/fr\/transat\/","title":{"rendered":"2026 Costa Mujeres Transat Giveaway French"},"content":{"rendered":"\t\t<div data-elementor-type=\"wp-page\" data-elementor-id=\"26736\" class=\"elementor elementor-26736 elementor-26664\" data-elementor-post-type=\"page\">\n\t\t\t\t\t\t<section class=\"elementor-section elementor-top-section elementor-element elementor-element-654a8d5 elementor-section-height-min-height elementor-section-items-bottom sub-banner elementor-section-boxed elementor-section-height-default\" data-id=\"654a8d5\" data-element_type=\"section\" data-settings=\"{&quot;background_background&quot;:&quot;classic&quot;}\">\n\t\t\t\t\t\t\t<div class=\"elementor-background-overlay\"><\/div>\n\t\t\t\t\t\t\t<div class=\"elementor-container elementor-column-gap-default\">\n\t\t\t\t\t<div class=\"elementor-column elementor-col-100 elementor-top-column elementor-element elementor-element-1e74401\" data-id=\"1e74401\" data-element_type=\"column\">\n\t\t\t<div class=\"elementor-widget-wrap elementor-element-populated\">\n\t\t\t\t\t\t<section class=\"elementor-section elementor-inner-section elementor-element elementor-element-45dc147 elementor-section-full_width elementor-section-height-default elementor-section-height-default\" data-id=\"45dc147\" data-element_type=\"section\">\n\t\t\t\t\t\t<div class=\"elementor-container elementor-column-gap-default\">\n\t\t\t\t\t<div class=\"elementor-column elementor-col-100 elementor-inner-column elementor-element elementor-element-5cb282f\" data-id=\"5cb282f\" data-element_type=\"column\">\n\t\t\t<div class=\"elementor-widget-wrap elementor-element-populated\">\n\t\t\t\t\t\t<div class=\"elementor-element elementor-element-52095d8 elementor-widget__width-initial elementor-widget elementor-widget-heading\" data-id=\"52095d8\" data-element_type=\"widget\" data-widget_type=\"heading.default\">\n\t\t\t\t<div class=\"elementor-widget-container\">\n\t\t\t<h1 class=\"elementor-heading-title elementor-size-default\">Participez pour avoir la chance de GAGNER UN VOYAGE POUR 2 \u00e0 Costa Mujeres, au Mexique.<\/h1>\t\t<\/div>\n\t\t\t\t<\/div>\n\t\t\t\t\t<\/div>\n\t\t<\/div>\n\t\t\t\t\t<\/div>\n\t\t<\/section>\n\t\t\t\t\t<\/div>\n\t\t<\/div>\n\t\t\t\t\t<\/div>\n\t\t<\/section>\n\t\t\t\t<section class=\"elementor-section elementor-top-section elementor-element elementor-element-d13beb7 elementor-section-content-middle elementor-section-boxed elementor-section-height-default elementor-section-height-default\" data-id=\"d13beb7\" data-element_type=\"section\">\n\t\t\t\t\t\t<div class=\"elementor-container elementor-column-gap-default\">\n\t\t\t\t\t<div class=\"elementor-column elementor-col-100 elementor-top-column elementor-element elementor-element-439e540\" data-id=\"439e540\" data-element_type=\"column\">\n\t\t\t<div class=\"elementor-widget-wrap elementor-element-populated\">\n\t\t\t\t\t\t<div class=\"elementor-element elementor-element-d9e488b elementor-widget elementor-widget-text-editor\" data-id=\"d9e488b\" data-element_type=\"widget\" data-widget_type=\"text-editor.default\">\n\t\t\t\t<div class=\"elementor-widget-container\">\n\t\t\t\t\t\t\t<h2 data-start=\"146\" data-end=\"255\"><strong data-start=\"146\" data-end=\"255\">Jusqu&#8217;au 1er mai 2026, participez pour courir la chance de gagner !<\/strong><\/h2>\n<p><\/p>\n<p>Ce prix incroyable comprend un s\u00e9jour tout-inclus de 7 nuits au Majestic Mirage Costa Mujeres, un tout nouveau complexe h\u00f4telier de 5 \u00e9toiles offrant tout le luxe que vous pouvez imaginer. Le voyage comprend un billet d\u2019avion aller-retour avec Air Transat au d\u00e9part de Montr\u00e9al ou de Toronto, ainsi qu\u2019un s\u00e9jour de stationnement gratuit de 8 jours chez Park\u2019N Fly.<\/p>\n<p>Con\u00e7u pour satisfaire les voyageurs exigeants, vous profitez de votre propre jacuzzi ext\u00e9rieur priv\u00e9, d\u2019un large \u00e9ventail de restaurants avec une ambiance de d\u00e9tente et de divertissement. C\u2019est vraiment une escapade de r\u00eave qui pourrait \u00eatre la v\u00f4tre!<\/p>\n<p data-start=\"726\" data-end=\"768\"><strong data-start=\"726\" data-end=\"768\">Courez la chance de gagner!<\/strong><\/p>\n<p data-start=\"770\" data-end=\"888\"><strong data-start=\"770\" data-end=\"779\">PLUS:<\/strong>&nbsp;les membres CAA obtiennent automatiquement une participation en bonus lorsqu\u2019ils s\u00e9journent dans un emplacement admissible Park\u2019N Fly entre le 23 mars et le 1er mai 2026.<\/p>\t\t\t\t\t\t<\/div>\n\t\t\t\t<\/div>\n\t\t\t\t<div class=\"elementor-element elementor-element-fd50806 elementor-widget__width-auto elementor-widget elementor-widget-button\" data-id=\"fd50806\" data-element_type=\"widget\" data-widget_type=\"button.default\">\n\t\t\t\t<div class=\"elementor-widget-container\">\n\t\t\t\t\t\t\t<div class=\"elementor-button-wrapper\">\n\t\t\t\t\t<a class=\"elementor-button elementor-button-link elementor-size-md\" href=\"https:\/\/parknfly.shortstack.page\/pLzQS3\" target=\"_blank\">\n\t\t\t\t\t\t<span class=\"elementor-button-content-wrapper\">\n\t\t\t\t\t\t\t\t\t<span class=\"elementor-button-text\">PARTICIPEZ D\u00c8S AUJOURD\u2019HUI<\/span>\n\t\t\t\t\t<\/span>\n\t\t\t\t\t<\/a>\n\t\t\t\t<\/div>\n\t\t\t\t\t\t<\/div>\n\t\t\t\t<\/div>\n\t\t\t\t\t<\/div>\n\t\t<\/div>\n\t\t\t\t\t<\/div>\n\t\t<\/section>\n\t\t\t\t<section class=\"elementor-section elementor-top-section elementor-element elementor-element-b2a381f elementor-section-boxed elementor-section-height-default elementor-section-height-default\" data-id=\"b2a381f\" data-element_type=\"section\">\n\t\t\t\t\t\t<div class=\"elementor-container elementor-column-gap-default\">\n\t\t\t\t\t<div class=\"elementor-column elementor-col-100 elementor-top-column elementor-element elementor-element-29f120c\" data-id=\"29f120c\" data-element_type=\"column\">\n\t\t\t<div class=\"elementor-widget-wrap elementor-element-populated\">\n\t\t\t\t\t\t<div class=\"elementor-element elementor-element-dcc962e elementor-widget elementor-widget-image\" data-id=\"dcc962e\" data-element_type=\"widget\" data-widget_type=\"image.default\">\n\t\t\t\t<div class=\"elementor-widget-container\">\n\t\t\t\t\t\t\t\t\t\t\t\t\t<img fetchpriority=\"high\" decoding=\"async\" width=\"800\" height=\"100\" src=\"https:\/\/admin.parknfly.ca\/wp-content\/uploads\/2026\/02\/PNF_COSTAMUJ_WebImg_Logo-Strip-FR.png\" class=\"attachment-2048x2048 size-2048x2048 wp-image-26846\" alt=\"\" srcset=\"https:\/\/admin.parknfly.ca\/wp-content\/uploads\/2026\/02\/PNF_COSTAMUJ_WebImg_Logo-Strip-FR.png 800w, https:\/\/admin.parknfly.ca\/wp-content\/uploads\/2026\/02\/PNF_COSTAMUJ_WebImg_Logo-Strip-FR-300x38.png 300w, https:\/\/admin.parknfly.ca\/wp-content\/uploads\/2026\/02\/PNF_COSTAMUJ_WebImg_Logo-Strip-FR-768x96.png 768w\" sizes=\"(max-width: 800px) 100vw, 800px\" \/>\t\t\t\t\t\t\t\t\t\t\t\t\t<\/div>\n\t\t\t\t<\/div>\n\t\t\t\t\t<\/div>\n\t\t<\/div>\n\t\t\t\t\t<\/div>\n\t\t<\/section>\n\t\t\t\t<section class=\"elementor-section elementor-top-section elementor-element elementor-element-de72a8a elementor-section-boxed elementor-section-height-default elementor-section-height-default\" data-id=\"de72a8a\" data-element_type=\"section\">\n\t\t\t\t\t\t<div class=\"elementor-container elementor-column-gap-default\">\n\t\t\t\t\t<div class=\"elementor-column elementor-col-100 elementor-top-column elementor-element elementor-element-f77fc9e\" data-id=\"f77fc9e\" data-element_type=\"column\">\n\t\t\t<div class=\"elementor-widget-wrap elementor-element-populated\">\n\t\t\t\t\t\t<div class=\"elementor-element elementor-element-7f0501a elementor-widget-divider--view-line elementor-widget elementor-widget-divider\" data-id=\"7f0501a\" data-element_type=\"widget\" data-widget_type=\"divider.default\">\n\t\t\t\t<div class=\"elementor-widget-container\">\n\t\t\t\t\t<div class=\"elementor-divider\">\n\t\t\t<span class=\"elementor-divider-separator\">\n\t\t\t\t\t\t<\/span>\n\t\t<\/div>\n\t\t\t\t<\/div>\n\t\t\t\t<\/div>\n\t\t\t\t\t<\/div>\n\t\t<\/div>\n\t\t\t\t\t<\/div>\n\t\t<\/section>\n\t\t\t\t<section class=\"elementor-section elementor-top-section elementor-element elementor-element-066a94f elementor-section-boxed elementor-section-height-default elementor-section-height-default\" data-id=\"066a94f\" data-element_type=\"section\">\n\t\t\t\t\t\t<div class=\"elementor-container elementor-column-gap-default\">\n\t\t\t\t\t<div class=\"elementor-column elementor-col-100 elementor-top-column elementor-element elementor-element-fab6a25\" data-id=\"fab6a25\" data-element_type=\"column\">\n\t\t\t<div class=\"elementor-widget-wrap elementor-element-populated\">\n\t\t\t\t\t\t<div class=\"elementor-element elementor-element-2e2e202 elementor-widget elementor-widget-text-editor\" data-id=\"2e2e202\" data-element_type=\"widget\" data-widget_type=\"text-editor.default\">\n\t\t\t\t<div class=\"elementor-widget-container\">\n\t\t\t\t\t\t\t<p>*Aucun achat requis. Le concours se d\u00e9roule du 23 mars 2026 \u00e0 0 h 01 (heure de l&#8217;Est) au 1er mai 2026 \u00e0 23 h 59 (heure de l&#8217;Est). Le voyage comprend 7 nuits d&#8217;h\u00e9bergement \u00e0 l&#8217;h\u00f4tel 5 \u00e9toiles Majestic Mirage Costa Mujeres, les vols avec Air Transat au d\u00e9part de Toronto ou de Montr\u00e9al et 8 jours de stationnement gratuit offerts par Park&#8217;N Fly. Le gagnant est responsable de ses frais de d\u00e9placement aller-retour entre Montr\u00e9al et Toronto. Valide pour un voyage entre le 1er f\u00e9vrier 2026 et le 31 janvier 2027. Ce concours est ouvert \u00e0 tous les r\u00e9sidents du Canada \u00e2g\u00e9s de 18 ans et plus. Pour conna\u00eetre les r\u00e8glements du concours, consultez le site <a href=\"http:\/\/www.parknfly.ca\/fr\/regles-transat\">www.parknfly.ca\/fr\/regles-transat<\/a>. Les participations bonus de CAA sont valides lors des paiements effectu\u00e9s le ou avant le 1er mai 2026 aux emplacements Park\u2019N Fly. Excluant les emplacements de Montr\u00e9al et d\u2019Edmonton. Valeur au d\u00e9tail approximative de 0000.000$ pour les achats effectu\u00e9s au plus tard le 1er mai 2026 dans les succursales Park&#8217;N Fly, \u00e0 l&#8217;exception de celles de Montr\u00e9al et d&#8217;Edmonton. Valeur au d\u00e9tail approximative de 6 004,49 $ CAD. Des conditions et des restrictions s\u2019appliquent. Park\u2019N Fly est une marque d\u00e9pos\u00e9e de Park\u2019N Fly Canada Inc.<\/p>\t\t\t\t\t\t<\/div>\n\t\t\t\t<\/div>\n\t\t\t\t\t<\/div>\n\t\t<\/div>\n\t\t\t\t\t<\/div>\n\t\t<\/section>\n\t\t\t\t<\/div>\n\t\t","protected":false},"excerpt":{"rendered":"<p>Participez pour avoir la chance de GAGNER UN VOYAGE POUR 2 \u00e0 Costa Mujeres, au Mexique. Jusqu&#8217;au 1er mai 2026, participez pour courir la chance de gagner ! Ce prix incroyable comprend un s\u00e9jour tout-inclus de 7 nuits au Majestic Mirage Costa Mujeres, un tout nouveau complexe h\u00f4telier de 5 \u00e9toiles offrant tout le luxe &hellip; <a href=\"https:\/\/admin.parknfly.ca\/fr\/transat\/\">Continuer<\/a><\/p>\n","protected":false},"author":29,"featured_media":0,"parent":0,"menu_order":0,"comment_status":"closed","ping_status":"closed","template":"","meta":{"_acf_changed":false,"_monsterinsights_skip_tracking":false,"_monsterinsights_sitenote_active":false,"_monsterinsights_sitenote_note":"","_monsterinsights_sitenote_category":0,"footnotes":""},"yst_prominent_words":[2403,38],"class_list":["post-26736","page","type-page","status-publish","hentry"],"acf":[],"_links":{"self":[{"href":"https:\/\/admin.parknfly.ca\/fr\/wp-json\/wp\/v2\/pages\/26736","targetHints":{"allow":["GET"]}}],"collection":[{"href":"https:\/\/admin.parknfly.ca\/fr\/wp-json\/wp\/v2\/pages"}],"about":[{"href":"https:\/\/admin.parknfly.ca\/fr\/wp-json\/wp\/v2\/types\/page"}],"author":[{"embeddable":true,"href":"https:\/\/admin.parknfly.ca\/fr\/wp-json\/wp\/v2\/users\/29"}],"replies":[{"embeddable":true,"href":"https:\/\/admin.parknfly.ca\/fr\/wp-json\/wp\/v2\/comments?post=26736"}],"version-history":[{"count":38,"href":"https:\/\/admin.parknfly.ca\/fr\/wp-json\/wp\/v2\/pages\/26736\/revisions"}],"predecessor-version":[{"id":27036,"href":"https:\/\/admin.parknfly.ca\/fr\/wp-json\/wp\/v2\/pages\/26736\/revisions\/27036"}],"wp:attachment":[{"href":"https:\/\/admin.parknfly.ca\/fr\/wp-json\/wp\/v2\/media?parent=26736"}],"wp:term":[{"taxonomy":"yst_prominent_words","embeddable":true,"href":"https:\/\/admin.parknfly.ca\/fr\/wp-json\/wp\/v2\/yst_prominent_words?post=26736"}],"curies":[{"name":"wp","href":"https:\/\/api.w.org\/{rel}","templated":true}]}}